{"id":9054,"date":"2024-05-14T19:06:42","date_gmt":"2024-05-14T19:06:42","guid":{"rendered":"https:\/\/missinak.org\/website_39593ac1\/?page_id=9054"},"modified":"2024-06-18T16:02:16","modified_gmt":"2024-06-18T16:02:16","slug":"aboutnicole","status":"publish","type":"page","link":"https:\/\/nicoletaillon.com\/fr\/aboutnicole\/","title":{"rendered":"\u00c0 propos de Nicole"},"content":{"rendered":"<div class=\"wpb-content-wrapper\"><p>[vc_row][vc_column][vc_custom_heading text=&#8221;\u00c0 propos d&#8217;Art&#8221; font_container=&#8221;tag:h2|font_size:70px|text_align:center|line_height:normal&#8221; google_fonts=&#8221;font_family:Josefin%20Sans%3A100%2C100italic%2C300%2C300italic%2Cregular%2Citalic%2C600%2C600italic%2C700%2C700italic|font_style:100%20light%20regular%3A100%3Anormal&#8221; css=&#8221;.vc_custom_1464770880876{margin-top: 0px !important;margin-bottom: 5px !important;}&#8221;][vc_column_text css=&#8221;.vc_custom_1716825126306{margin-top: 0px !important;margin-bottom: 10px !important;}&#8221; el_class=&#8221;vc-sub-title&#8221;]Nicole Taillon n\u2019a pas d\u2019autre probl\u00e8me que de se vivre intens\u00e9ment et de \u00ab faire \u00bb.[\/vc_column_text][vc_single_image image=&#8221;18&#8243; img_size=&#8221;full&#8221; alignment=&#8221;center&#8221;][\/vc_column][\/vc_row][vc_row][vc_column][vc_empty_space height=&#8221;30px&#8221;][\/vc_column][\/vc_row][vc_row el_class=&#8221;service-grid&#8221;][vc_column width=&#8221;1\/2&#8243;][vc_single_image image=&#8221;9239&#8243; img_size=&#8221;full&#8221; alignment=&#8221;center&#8221;][\/vc_column][vc_column width=&#8221;1\/2&#8243;]<div class='dt-sc-icon-box type9 '><div class=\"icon-wrapper\"><img loading=\"lazy\" decoding=\"async\" width=\"1200\" height=\"800\" src=\"https:\/\/i0.wp.com\/nicoletaillon.com\/wp-content\/uploads\/2024\/05\/Nicole-Guerrier-Magnifique.jpg?fit=1200%2C800&amp;ssl=1\" class=\"attachment-full\" alt=\"Nicole photo 2\" title=\"Nicole-Guerrier-Magnifique\" srcset=\"https:\/\/i0.wp.com\/nicoletaillon.com\/wp-content\/uploads\/2024\/05\/Nicole-Guerrier-Magnifique.jpg?w=1200&amp;ssl=1 1200w, https:\/\/i0.wp.com\/nicoletaillon.com\/wp-content\/uploads\/2024\/05\/Nicole-Guerrier-Magnifique.jpg?resize=500%2C333&amp;ssl=1 500w, https:\/\/i0.wp.com\/nicoletaillon.com\/wp-content\/uploads\/2024\/05\/Nicole-Guerrier-Magnifique.jpg?resize=300%2C200&amp;ssl=1 300w, https:\/\/i0.wp.com\/nicoletaillon.com\/wp-content\/uploads\/2024\/05\/Nicole-Guerrier-Magnifique.jpg?resize=1024%2C683&amp;ssl=1 1024w, https:\/\/i0.wp.com\/nicoletaillon.com\/wp-content\/uploads\/2024\/05\/Nicole-Guerrier-Magnifique.jpg?resize=768%2C512&amp;ssl=1 768w\" sizes=\"auto, (max-width: 1200px) 100vw, 1200px\" \/><\/div><div class=\"icon-content\"><h4>\u00c0 propos de Nicole<\/h4>[vc_empty_space height=&#8221;20px&#8221;]Nicole Taillon est sculpteure de bronze depuis plus de vingt ans. Originaire de la r\u00e9gion du Lac Saint-Jean (Qu\u00e9bec, Canada), elle fait des \u00e9tudes en math\u00e9matiques, en sciences et en psychologie, avant de se mettre \u00e0 la pratique de la peinture, puis de la s\u00e9rigraphie, pour finalement se consacrer \u00e0 la sculpture au d\u00e9but des ann\u00e9es 1980.<\/div><\/div><div class='dt-sc-icon-box type9 vc-icon-alter'><div class=\"icon-wrapper\"><img loading=\"lazy\" decoding=\"async\" width=\"480\" height=\"541\" src=\"https:\/\/i0.wp.com\/nicoletaillon.com\/wp-content\/uploads\/revslider\/classic-gallery\/le-petit-prince-2.jpeg?fit=480%2C541&amp;ssl=1\" class=\"attachment-full\" alt=\"\" title=\"le-petit-prince-2.jpeg\" srcset=\"https:\/\/i0.wp.com\/nicoletaillon.com\/wp-content\/uploads\/revslider\/classic-gallery\/le-petit-prince-2.jpeg?w=480&amp;ssl=1 480w, https:\/\/i0.wp.com\/nicoletaillon.com\/wp-content\/uploads\/revslider\/classic-gallery\/le-petit-prince-2.jpeg?resize=266%2C300&amp;ssl=1 266w\" sizes=\"auto, (max-width: 480px) 100vw, 480px\" \/><\/div><div class=\"icon-content\"><h4>Inspiration<\/h4>Travaillant la glaise comme mati\u00e8re d\u2019inspiration, elle fait c\u00f4toyer le bronze avec d\u2019autres m\u00e9taux et mati\u00e8res tel la pierre, le quartz ou le verre. Parall\u00e8lement \u00e0 son travail de cr\u00e9ation plac\u00e9 en galeries, elle con\u00e7oit fontaines, sculptures de jardins, urnes fun\u00e9raires, ou plaques comm\u00e9moratives sur commande.<\/div><\/div><div class='dt-sc-icon-box type9 '><div class=\"icon-wrapper\"><img loading=\"lazy\" decoding=\"async\" width=\"480\" height=\"749\" src=\"https:\/\/i0.wp.com\/nicoletaillon.com\/wp-content\/uploads\/2024\/05\/About-Nicole-3.webp?fit=480%2C749&amp;ssl=1\" class=\"attachment-full\" alt=\"\" title=\"About Nicole 3\" srcset=\"https:\/\/i0.wp.com\/nicoletaillon.com\/wp-content\/uploads\/2024\/05\/About-Nicole-3.webp?w=480&amp;ssl=1 480w, https:\/\/i0.wp.com\/nicoletaillon.com\/wp-content\/uploads\/2024\/05\/About-Nicole-3.webp?resize=192%2C300&amp;ssl=1 192w\" sizes=\"auto, (max-width: 480px) 100vw, 480px\" \/><\/div><div class=\"icon-content\"><h4>Sculpteure internationale<\/h4>Rapidement, Nicole a su se tailler une place de choix parmi les artistes du Canada, puis de la sc\u00e8ne internationale. Sollicit\u00e9e pour la r\u00e9alisation de plusieurs installations priv\u00e9es et publiques telles que Le Grand Bienvenue (Qu\u00e9bec, Caisse Populaire du Vieux Qu\u00e9bec) et le Guerrier Magnifique (West Palm Beach, Floride), Nicole a vu son travail r\u00e9compens\u00e9 par de nombreux prix. Ses oeuvres se retrouvent maintenant dans des collections publiques et priv\u00e9es \u00e0 travers le Canada, les \u00c9tats-Unis et l\u2019Europe.[vc_empty_space height=&#8221;20px&#8221;]<\/div><\/div>[\/vc_column][\/vc_row][vc_row][vc_column][vc_empty_space height=&#8221;80px&#8221;][\/vc_column][\/vc_row]<\/p>\n<\/div>","protected":false},"excerpt":{"rendered":"<p>[vc_row][vc_column][vc_custom_heading text=&#8221;\u00c0 propos d&#8217;Art&#8221; font_container=&#8221;tag:h2|font_size:70px|text_align:center|line_height:normal&#8221; google_fonts=&#8221;font_family:Josefin%20Sans%3A100%2C100italic%2C300%2C300italic%2Cregular%2Citalic%2C600%2C600italic%2C700%2C700italic|font_style:100%20light%20regular%3A100%3Anormal&#8221; css=&#8221;.vc_custom_1464770880876{margin-top: 0px !important;margin-bottom: 5px !important;}&#8221;][vc_column_text css=&#8221;.vc_custom_1716825126306{margin-top: 0px !important;margin-bottom: 10px !important;}&#8221; el_class=&#8221;vc-sub-title&#8221;]Nicole Taillon n\u2019a pas d\u2019autre probl\u00e8me que de se vivre intens\u00e9ment et de \u00ab faire \u00bb.[\/vc_column_text][vc_single_image image=&#8221;18&#8243; img_size=&#8221;full&#8221; alignment=&#8221;center&#8221;][\/vc_column][\/vc_row][vc_row][vc_column][vc_empty_space height=&#8221;30px&#8221;][\/vc_column][\/vc_row][vc_row el_class=&#8221;service-grid&#8221;][vc_column width=&#8221;1\/2&#8243;][vc_single_image image=&#8221;9239&#8243; img_size=&#8221;full&#8221; alignment=&#8221;center&#8221;][\/vc_column][vc_column width=&#8221;1\/2&#8243;][\/vc_column][\/vc_row][vc_row][vc_column][vc_empty_space height=&#8221;80px&#8221;][\/vc_column][\/vc_row]<\/p>\n","protected":false},"author":2,"featured_media":0,"parent":0,"menu_order":0,"comment_status":"closed","ping_status":"closed","template":"","meta":{"nf_dc_page":"","footnotes":""},"class_list":["post-9054","page","type-page","status-publish","hentry"],"translation":{"provider":"WPGlobus","version":"3.0.2","language":"fr","enabled_languages":["en","fr"],"languages":{"en":{"title":true,"content":true,"excerpt":false},"fr":{"title":true,"content":true,"excerpt":false}}},"jetpack_sharing_enabled":true,"_links":{"self":[{"href":"https:\/\/nicoletaillon.com\/fr\/wp-json\/wp\/v2\/pages\/9054","targetHints":{"allow":["GET"]}}],"collection":[{"href":"https:\/\/nicoletaillon.com\/fr\/wp-json\/wp\/v2\/pages"}],"about":[{"href":"https:\/\/nicoletaillon.com\/fr\/wp-json\/wp\/v2\/types\/page"}],"author":[{"embeddable":true,"href":"https:\/\/nicoletaillon.com\/fr\/wp-json\/wp\/v2\/users\/2"}],"replies":[{"embeddable":true,"href":"https:\/\/nicoletaillon.com\/fr\/wp-json\/wp\/v2\/comments?post=9054"}],"version-history":[{"count":5,"href":"https:\/\/nicoletaillon.com\/fr\/wp-json\/wp\/v2\/pages\/9054\/revisions"}],"predecessor-version":[{"id":9790,"href":"https:\/\/nicoletaillon.com\/fr\/wp-json\/wp\/v2\/pages\/9054\/revisions\/9790"}],"wp:attachment":[{"href":"https:\/\/nicoletaillon.com\/fr\/wp-json\/wp\/v2\/media?parent=9054"}],"curies":[{"name":"wp","href":"https:\/\/api.w.org\/{rel}","templated":true}]}}