{"id":9062,"date":"2024-05-14T19:12:53","date_gmt":"2024-05-14T19:12:53","guid":{"rendered":"https:\/\/missinak.org\/website_39593ac1\/?page_id=9062"},"modified":"2024-05-27T17:23:25","modified_gmt":"2024-05-27T17:23:25","slug":"enbronze-technicfrbronze-technique","status":"publish","type":"page","link":"https:\/\/nicoletaillon.com\/fr\/enbronze-technicfrbronze-technique\/","title":{"rendered":"De la glaise au bronze"},"content":{"rendered":"<div class=\"wpb-content-wrapper\"><p>[vc_row][vc_column][vc_custom_heading text=&#8221;De la glaise au bronze&#8221; font_container=&#8221;tag:h2|font_size:70px|text_align:center|line_height:normal&#8221; google_fonts=&#8221;font_family:Josefin%20Sans%3A100%2C100italic%2C300%2C300italic%2Cregular%2Citalic%2C600%2C600italic%2C700%2C700italic|font_style:100%20light%20regular%3A100%3Anormal&#8221; css=&#8221;.vc_custom_1715260294837{margin-top: 0px !important;margin-bottom: 5px !important;}&#8221;][vc_column_text css=&#8221;.vc_custom_1715260314871{margin-top: 0px !important;margin-bottom: 10px !important;}&#8221; el_class=&#8221;vc-sub-title&#8221;]<\/p>\n<div class=\"wpb_text_column wpb_content_element vc_custom_1715197728450 vc-sub-title\">\n<div class=\"wpb_wrapper\">\n<p>Pourquoi le travail de Nicole Taillon est unique.<\/p>\n<\/div>\n<\/div>\n<p>[\/vc_column_text][vc_single_image image=&#8221;18&#8243; img_size=&#8221;full&#8221; alignment=&#8221;center&#8221;][\/vc_column][\/vc_row][vc_row full_width=&#8221;stretch_row&#8221; el_class=&#8221;vc-service-content&#8221; text_color=&#8221;rgba(255,255,255,0.9)&#8221; addstyles=&#8221;text-align:center;&#8221; css=&#8221;.vc_custom_1458379419553{margin-bottom: 40px !important;}&#8221;][vc_column][vc_column_text]&#8221;Bien entendu, on parle ici de ma m\u00e9thode, car certains sculpteurs travaillent directement dans la cire, ou le styrofoam, ou le bois, ou ne font pas l&#8217;\u00e9tape du pl\u00e2tre et, lorsque la sculpture revient de la fonderie, ils ne font ni la patine ni le polissage.&#8221;[\/vc_column_text][\/vc_column][\/vc_row][vc_row][vc_column][vc_empty_space height=&#8221;30px&#8221;][\/vc_column][\/vc_row][vc_row el_class=&#8221;service-grid&#8221;][vc_column width=&#8221;1\/2&#8243;][vc_single_image image=&#8221;9221&#8243; img_size=&#8221;full&#8221; alignment=&#8221;center&#8221;][vc_single_image image=&#8221;9224&#8243; img_size=&#8221;full&#8221; alignment=&#8221;center&#8221;][\/vc_column][vc_column width=&#8221;1\/2&#8243;]<div class='dt-sc-icon-box type9 '><div class=\"icon-wrapper\"><img loading=\"lazy\" decoding=\"async\" width=\"300\" height=\"400\" src=\"https:\/\/i0.wp.com\/nicoletaillon.com\/wp-content\/uploads\/2024\/05\/Step-1.webp?fit=300%2C400&amp;ssl=1\" class=\"attachment-full\" alt=\"\" title=\"Step 1\" srcset=\"https:\/\/i0.wp.com\/nicoletaillon.com\/wp-content\/uploads\/2024\/05\/Step-1.webp?w=300&amp;ssl=1 300w, https:\/\/i0.wp.com\/nicoletaillon.com\/wp-content\/uploads\/2024\/05\/Step-1.webp?resize=225%2C300&amp;ssl=1 225w\" sizes=\"auto, (max-width: 300px) 100vw, 300px\" \/><\/div><div class=\"icon-content\"><h4>1 - Cr\u00e9ation dans la glaise (positif)<\/h4>[vc_empty_space height=&#8221;20px&#8221;]Je ne fais jamais de dessin, je cr\u00e9e directement dans la glaise. L\u2019argile que j&#8217;utilise est tr\u00e8s mall\u00e9able, voire molle, ce qui permet une action tr\u00e8s rapide. Seule l&#8217;\u00e9motion demeure; je n&#8217;ai pas le temps d&#8217;intellectualiser et de mettre en doute mon geste. Cette \u00e9tape dure g\u00e9n\u00e9ralement deux semaines, elle peut prendre un mois ou plus pour les grosses pi\u00e8ces.<\/div><\/div><div class='dt-sc-icon-box type9 vc-icon-alter'><div class=\"icon-wrapper\"><img loading=\"lazy\" decoding=\"async\" width=\"300\" height=\"400\" src=\"https:\/\/i0.wp.com\/nicoletaillon.com\/wp-content\/uploads\/2024\/05\/Step-2-1.webp?fit=300%2C400&amp;ssl=1\" class=\"attachment-full\" alt=\"Step-2\" title=\"Step-2\" srcset=\"https:\/\/i0.wp.com\/nicoletaillon.com\/wp-content\/uploads\/2024\/05\/Step-2-1.webp?w=300&amp;ssl=1 300w, https:\/\/i0.wp.com\/nicoletaillon.com\/wp-content\/uploads\/2024\/05\/Step-2-1.webp?resize=225%2C300&amp;ssl=1 225w\" sizes=\"auto, (max-width: 300px) 100vw, 300px\" \/><\/div><div class=\"icon-content\"><h4>2 - Alginate Transfert (n\u00e9gatif)<\/h4>La pi\u00e8ce est \u00e9tudi\u00e9e et marqu\u00e9e, puis moul\u00e9e partie par partie avec de la p\u00e2te dentaire. On applique une fine couche de pl\u00e2tre comme support. Chaque section est vid\u00e9e de la glaise, puis on coule du pl\u00e2tre de moulage dans la forme \u00e9vid\u00e9e. Le processus est r\u00e9p\u00e9t\u00e9 pour chaque partie.<\/div><\/div><div class='dt-sc-icon-box type9 '><div class=\"icon-wrapper\"><img loading=\"lazy\" decoding=\"async\" width=\"300\" height=\"400\" src=\"https:\/\/i0.wp.com\/nicoletaillon.com\/wp-content\/uploads\/2024\/05\/Step-3.webp?fit=300%2C400&amp;ssl=1\" class=\"attachment-full\" alt=\"\" title=\"Step 3\" srcset=\"https:\/\/i0.wp.com\/nicoletaillon.com\/wp-content\/uploads\/2024\/05\/Step-3.webp?w=300&amp;ssl=1 300w, https:\/\/i0.wp.com\/nicoletaillon.com\/wp-content\/uploads\/2024\/05\/Step-3.webp?resize=225%2C300&amp;ssl=1 225w\" sizes=\"auto, (max-width: 300px) 100vw, 300px\" \/><\/div><div class=\"icon-content\"><h4>3 - Remonter la sculpture (positif)<\/h4>Les \u00e9tapes pr\u00e9c\u00e9dentes visent \u00e0 reproduire le mod\u00e8le original en glaise en pl\u00e2tre, permettant d&#8217;am\u00e9liorer la texture, de mettre en valeur les d\u00e9tails et de sculpter les mains, les doigts et les parties du visage directement dans le pl\u00e2tre, enrichissant ainsi la sculpture avec plus de d\u00e9tails et de finesses.<\/div><\/div><div class='dt-sc-icon-box type9 vc-icon-alter'><div class=\"icon-wrapper\"><img loading=\"lazy\" decoding=\"async\" width=\"300\" height=\"380\" src=\"https:\/\/i0.wp.com\/nicoletaillon.com\/wp-content\/uploads\/2024\/05\/Step-4-1-1.webp?fit=300%2C380&amp;ssl=1\" class=\"attachment-full\" alt=\"\" title=\"Step-4 (1)\" srcset=\"https:\/\/i0.wp.com\/nicoletaillon.com\/wp-content\/uploads\/2024\/05\/Step-4-1-1.webp?w=300&amp;ssl=1 300w, https:\/\/i0.wp.com\/nicoletaillon.com\/wp-content\/uploads\/2024\/05\/Step-4-1-1.webp?resize=237%2C300&amp;ssl=1 237w\" sizes=\"auto, (max-width: 300px) 100vw, 300px\" \/><\/div><div class=\"icon-content\"><h4>4 - Moules de caoutchouc de silice (n\u00e9gatif)<\/h4>Pour cr\u00e9er le moule adapt\u00e9 \u00e0 la sculpture et tirer les cires, une \u00e9tude pr\u00e9cise de la pi\u00e8ce est entreprise. Chaque partie est support\u00e9e, envelopp\u00e9e de plastique et de plasticine, puis recouverte d&#8217;une calotte en pl\u00e2tre. Une fois durci, le pl\u00e2tre est enlev\u00e9, laissant la place au coulage du caoutchouc liquide. Ce processus est r\u00e9p\u00e9t\u00e9 pour chaque partie, n\u00e9cessitant jusqu&#8217;\u00e0 vingt moules par sculpture.<\/div><\/div><div class='dt-sc-icon-box type9 '><div class=\"icon-wrapper\"><img loading=\"lazy\" decoding=\"async\" width=\"300\" height=\"356\" src=\"https:\/\/i0.wp.com\/nicoletaillon.com\/wp-content\/uploads\/2024\/05\/Step-5-1-2.webp?fit=300%2C356&amp;ssl=1\" class=\"attachment-full\" alt=\"\" title=\"Step-5-1 (2)\" srcset=\"https:\/\/i0.wp.com\/nicoletaillon.com\/wp-content\/uploads\/2024\/05\/Step-5-1-2.webp?w=300&amp;ssl=1 300w, https:\/\/i0.wp.com\/nicoletaillon.com\/wp-content\/uploads\/2024\/05\/Step-5-1-2.webp?resize=253%2C300&amp;ssl=1 253w\" sizes=\"auto, (max-width: 300px) 100vw, 300px\" \/><\/div><div class=\"icon-content\"><h4>5 - Fabrication du mod\u00e8le en cire (positif)<\/h4>Chaque moiti\u00e9 du moule est enduite de cire chaude pour tirer en cire chaque morceau de l&#8217;\u0153uvre. Une attention particuli\u00e8re est accord\u00e9e \u00e0 l&#8217;uniformit\u00e9 de la cire. Les pi\u00e8ces sont ensuite assembl\u00e9es et les joints, les d\u00e9fauts et les bulles corrig\u00e9s pour assurer une qualit\u00e9 optimale du bronze. Ces \u00e9tapes se r\u00e9p\u00e8tent pour chaque coul\u00e9e en bronze.<\/div><\/div><div class='dt-sc-icon-box type9 vc-icon-alter'><div class=\"icon-wrapper\"><img loading=\"lazy\" decoding=\"async\" width=\"300\" height=\"379\" src=\"https:\/\/i0.wp.com\/nicoletaillon.com\/wp-content\/uploads\/2024\/05\/Step-6-1-1-1.webp?fit=300%2C379&amp;ssl=1\" class=\"attachment-full\" alt=\"\" title=\"Step-6-1 (1)\" srcset=\"https:\/\/i0.wp.com\/nicoletaillon.com\/wp-content\/uploads\/2024\/05\/Step-6-1-1-1.webp?w=300&amp;ssl=1 300w, https:\/\/i0.wp.com\/nicoletaillon.com\/wp-content\/uploads\/2024\/05\/Step-6-1-1-1.webp?resize=237%2C300&amp;ssl=1 237w\" sizes=\"auto, (max-width: 300px) 100vw, 300px\" \/><\/div><div class=\"icon-content\"><h4>6 - D\u00e9part vers la fonderie<\/h4>\u00c0 la fonderie, les cires sont plong\u00e9es dans un bain de c\u00e9ramique liquide et recouvertes de silice plusieurs fois pour former une coque solide. A la cuisson, la cire fond, laissant place au bronze. Refroidie, la coque est bris\u00e9e, les tiges de coul\u00e9e sont enlev\u00e9es, puis la pi\u00e8ce est assembl\u00e9e par soudure, sablage et polissage, parfois pour obtenir un fini miroir sur certaines zones.<\/div><\/div><div class='dt-sc-icon-box type9 '><div class=\"icon-wrapper\"><img loading=\"lazy\" decoding=\"async\" width=\"300\" height=\"400\" src=\"https:\/\/i0.wp.com\/nicoletaillon.com\/wp-content\/uploads\/2024\/05\/Step-7-1.webp?fit=300%2C400&amp;ssl=1\" class=\"attachment-full\" alt=\"\" title=\"Step-7\" srcset=\"https:\/\/i0.wp.com\/nicoletaillon.com\/wp-content\/uploads\/2024\/05\/Step-7-1.webp?w=300&amp;ssl=1 300w, https:\/\/i0.wp.com\/nicoletaillon.com\/wp-content\/uploads\/2024\/05\/Step-7-1.webp?resize=225%2C300&amp;ssl=1 225w\" sizes=\"auto, (max-width: 300px) 100vw, 300px\" \/><\/div><div class=\"icon-content\"><h4>7 - Finition et Patine<\/h4>La sculpture est mont\u00e9e sur du granit et patin\u00e9e avec diff\u00e9rents acides, en utilisant des m\u00e9thodes \u00e0 froid ou \u00e0 chaud (avec une torche au propane). Ce processus de coloration peut prendre des jours \u00e0 des semaines pour les sculptures avec plusieurs couleurs. Enfin, la sculpture est laqu\u00e9e pour pr\u00e9server et ralentir l&#8217;oxydation.<\/div><\/div>[\/vc_column][\/vc_row][vc_row][vc_column][vc_empty_space height=&#8221;80px&#8221;][\/vc_column][\/vc_row]<\/p>\n<\/div>","protected":false},"excerpt":{"rendered":"<p>[vc_row][vc_column][vc_custom_heading text=&#8221;De la glaise au bronze&#8221; font_container=&#8221;tag:h2|font_size:70px|text_align:center|line_height:normal&#8221; google_fonts=&#8221;font_family:Josefin%20Sans%3A100%2C100italic%2C300%2C300italic%2Cregular%2Citalic%2C600%2C600italic%2C700%2C700italic|font_style:100%20light%20regular%3A100%3Anormal&#8221; css=&#8221;.vc_custom_1715260294837{margin-top: 0px !important;margin-bottom: 5px !important;}&#8221;][vc_column_text css=&#8221;.vc_custom_1715260314871{margin-top: 0px !important;margin-bottom: 10px !important;}&#8221; el_class=&#8221;vc-sub-title&#8221;] Pourquoi le travail de Nicole Taillon est unique. [\/vc_column_text][vc_single_image image=&#8221;18&#8243; img_size=&#8221;full&#8221; alignment=&#8221;center&#8221;][\/vc_column][\/vc_row][vc_row full_width=&#8221;stretch_row&#8221; el_class=&#8221;vc-service-content&#8221; text_color=&#8221;rgba(255,255,255,0.9)&#8221; addstyles=&#8221;text-align:center;&#8221; css=&#8221;.vc_custom_1458379419553{margin-bottom: 40px !important;}&#8221;][vc_column][vc_column_text]&#8221;Bien entendu, on parle ici de ma m\u00e9thode, car certains sculpteurs travaillent directement dans la cire, ou le [&hellip;]<\/p>\n","protected":false},"author":2,"featured_media":0,"parent":0,"menu_order":0,"comment_status":"closed","ping_status":"closed","template":"","meta":{"nf_dc_page":"","footnotes":""},"class_list":["post-9062","page","type-page","status-publish","hentry"],"translation":{"provider":"WPGlobus","version":"3.0.2","language":"fr","enabled_languages":["en","fr"],"languages":{"en":{"title":true,"content":true,"excerpt":false},"fr":{"title":true,"content":true,"excerpt":false}}},"jetpack_sharing_enabled":true,"_links":{"self":[{"href":"https:\/\/nicoletaillon.com\/fr\/wp-json\/wp\/v2\/pages\/9062","targetHints":{"allow":["GET"]}}],"collection":[{"href":"https:\/\/nicoletaillon.com\/fr\/wp-json\/wp\/v2\/pages"}],"about":[{"href":"https:\/\/nicoletaillon.com\/fr\/wp-json\/wp\/v2\/types\/page"}],"author":[{"embeddable":true,"href":"https:\/\/nicoletaillon.com\/fr\/wp-json\/wp\/v2\/users\/2"}],"replies":[{"embeddable":true,"href":"https:\/\/nicoletaillon.com\/fr\/wp-json\/wp\/v2\/comments?post=9062"}],"version-history":[{"count":5,"href":"https:\/\/nicoletaillon.com\/fr\/wp-json\/wp\/v2\/pages\/9062\/revisions"}],"predecessor-version":[{"id":9227,"href":"https:\/\/nicoletaillon.com\/fr\/wp-json\/wp\/v2\/pages\/9062\/revisions\/9227"}],"wp:attachment":[{"href":"https:\/\/nicoletaillon.com\/fr\/wp-json\/wp\/v2\/media?parent=9062"}],"curies":[{"name":"wp","href":"https:\/\/api.w.org\/{rel}","templated":true}]}}