{"id":9088,"date":"2024-05-14T20:08:44","date_gmt":"2024-05-14T20:08:44","guid":{"rendered":"https:\/\/missinak.org\/website_39593ac1\/?page_id=9088"},"modified":"2024-06-18T16:00:47","modified_gmt":"2024-06-18T16:00:47","slug":"art","status":"publish","type":"page","link":"https:\/\/nicoletaillon.com\/fr\/art\/","title":{"rendered":"Art &#038; design"},"content":{"rendered":"<div class=\"wpb-content-wrapper\"><p>[vc_row full_width=&#8221;stretch_row&#8221;][vc_column][vc_custom_heading text=&#8221;HARMONIE &amp; FONCTIONNALIT\u00c9&#8221; font_container=&#8221;tag:h3|font_size:60px|text_align:center|line_height:normal&#8221; google_fonts=&#8221;font_family:Josefin%20Sans%3A100%2C100italic%2C300%2C300italic%2Cregular%2Citalic%2C600%2C600italic%2C700%2C700italic|font_style:100%20light%20regular%3A100%3Anormal&#8221; css=&#8221;.vc_custom_1715306151497{margin-top: 0px !important;margin-bottom: 5px !important;}&#8221;][vc_column_text css=&#8221;.vc_custom_1715306044238{margin-top: 0px !important;margin-bottom: 10px !important;}&#8221; el_class=&#8221;vc-sub-title&#8221;]Il s&#8217;agit de cr\u00e9er un monde qui ressemble \u00e0 la maison, r\u00e9sonnant profond\u00e9ment avec ceux qui y vivent tout en inspirant quiconque y entre.[\/vc_column_text][vc_single_image image=&#8221;18&#8243; img_size=&#8221;full&#8221; alignment=&#8221;center&#8221;][vc_empty_space height=&#8221;15px&#8221;][\/vc_column][\/vc_row][vc_row full_width=&#8221;stretch_row&#8221; equal_height=&#8221;yes&#8221; content_placement=&#8221;middle&#8221; parallax=&#8221;content-moving&#8221; parallax_image=&#8221;7788&#8243; css=&#8221;.vc_custom_1464166686315{padding-top: 100px !important;padding-bottom: 100px !important;}&#8221;][vc_column][vc_row_inner][vc_column_inner el_class=&#8221;vc-service-box rs_col-sm-12&#8243; width=&#8221;1\/3&#8243;][vc_custom_heading text=&#8221;Transformer des espaces en reflets de votre \u00e2me.&#8221; font_container=&#8221;tag:h3|text_align:right&#8221; use_theme_fonts=&#8221;yes&#8221; el_class=&#8221;vc-service-title&#8221;][vc_column_text]L&#8217;art de m\u00e9tamorphoser des espaces en environnements qui refl\u00e8tent l&#8217;individualit\u00e9, l&#8217;objectif et l&#8217;harmonie. Le processus commence par comprendre la vision du client, son style de vie et ses besoins sp\u00e9cifiques pour garantir que le design final s&#8217;harmonise parfaitement avec ses pr\u00e9f\u00e9rences.[\/vc_column_text][vc_column_text]Cette compr\u00e9hension forme l&#8217;\u00e9tape de concept, o\u00f9 la cr\u00e9ativit\u00e9 se marie avec la planification strat\u00e9gique pour d\u00e9finir un cadre de design coh\u00e9rent. Ici, les croquis initiaux et les rendus num\u00e9riques aident \u00e0 donner vie aux id\u00e9es abstraites, permettant au client et au designer de visualiser la direction du projet.[\/vc_column_text][\/vc_column_inner][vc_column_inner el_class=&#8221;rs_col-sm-6&#8243; width=&#8221;1\/3&#8243;]<div class='dt-sc-image-caption type7 '><div class='dt-sc-image-wrapper'><img loading=\"lazy\" decoding=\"async\" width=\"480\" height=\"435\" src=\"https:\/\/i0.wp.com\/nicoletaillon.com\/wp-content\/uploads\/2024\/05\/Art-Design.webp?fit=480%2C435&amp;ssl=1\" class=\"attachment-full\" alt=\"interior design - nicole taillon\" title=\"Art-Design\" srcset=\"https:\/\/i0.wp.com\/nicoletaillon.com\/wp-content\/uploads\/2024\/05\/Art-Design.webp?w=480&amp;ssl=1 480w, https:\/\/i0.wp.com\/nicoletaillon.com\/wp-content\/uploads\/2024\/05\/Art-Design.webp?resize=300%2C272&amp;ssl=1 300w\" sizes=\"auto, (max-width: 480px) 100vw, 480px\" \/><div class='icon-wrapper'><img loading=\"lazy\" decoding=\"async\" width=\"40\" height=\"45\" src=\"https:\/\/i0.wp.com\/nicoletaillon.com\/wp-content\/uploads\/2016\/05\/icon-box-img1.png?fit=40%2C45&amp;ssl=1\" class=\"attachment-full\" alt=\"icon-box-img1\" title=\"icon-box-img1\" \/><\/div><\/div><div class='dt-sc-image-content'><div class='dt-sc-image-title'><h3>Design d'int\u00e9rieur<\/h3><\/div>S\u00e9lection des palettes de couleurs, des mat\u00e9riaux, des meubles et des finitions qui correspondent non seulement \u00e0 l&#8217;esth\u00e9tique mais r\u00e9pondent \u00e9galement aux exigences de fonctionnalit\u00e9 et de confort. Chaque d\u00e9cision est prise avec soin, \u00e9quilibrant la beaut\u00e9 et la praticit\u00e9.<\/div><\/div>[\/vc_column_inner][vc_column_inner el_class=&#8221;rs_col-sm-6&#8243; width=&#8221;1\/3&#8243;]<div class='dt-sc-image-caption type7 '><div class='dt-sc-image-wrapper'><img loading=\"lazy\" decoding=\"async\" width=\"480\" height=\"435\" src=\"https:\/\/i0.wp.com\/nicoletaillon.com\/wp-content\/uploads\/2024\/05\/Art-Painting.webp?fit=480%2C435&amp;ssl=1\" class=\"attachment-full\" alt=\"painting - nicole taillon\" title=\"Art-Painting\" srcset=\"https:\/\/i0.wp.com\/nicoletaillon.com\/wp-content\/uploads\/2024\/05\/Art-Painting.webp?w=480&amp;ssl=1 480w, https:\/\/i0.wp.com\/nicoletaillon.com\/wp-content\/uploads\/2024\/05\/Art-Painting.webp?resize=300%2C272&amp;ssl=1 300w\" sizes=\"auto, (max-width: 480px) 100vw, 480px\" \/><div class='icon-wrapper'><img loading=\"lazy\" decoding=\"async\" width=\"40\" height=\"45\" src=\"https:\/\/i0.wp.com\/nicoletaillon.com\/wp-content\/uploads\/2016\/05\/icon-box-img2.png?fit=40%2C45&amp;ssl=1\" class=\"attachment-full\" alt=\"icon-box-img2\" title=\"icon-box-img2\" \/><\/div><\/div><div class='dt-sc-image-content'><div class='dt-sc-image-title'><h3>Peinture<\/h3><\/div>Nicole Taillon explore ses questionnements int\u00e9rieurs \u00e0 travers la peinture, en cherchant la beaut\u00e9 dans des lieux insolites pour enrichir ses compositions complexes. Elle vise \u00e0 capturer des ambiances uniques en utilisant des techniques artistiques exigeantes.<\/div><\/div>[\/vc_column_inner][\/vc_row_inner][vc_row_inner][vc_column_inner el_class=&#8221;rs_col-sm-6&#8243; width=&#8221;1\/3&#8243;]<div class='dt-sc-image-caption type7 '><div class='dt-sc-image-wrapper'><img loading=\"lazy\" decoding=\"async\" width=\"480\" height=\"435\" src=\"https:\/\/i0.wp.com\/nicoletaillon.com\/wp-content\/uploads\/2024\/05\/Art-Seregraphie.webp?fit=480%2C435&amp;ssl=1\" class=\"attachment-full\" alt=\"ferme serigraphie campagne\" title=\"Art-Serigraphie Ste Monique\" srcset=\"https:\/\/i0.wp.com\/nicoletaillon.com\/wp-content\/uploads\/2024\/05\/Art-Seregraphie.webp?w=480&amp;ssl=1 480w, https:\/\/i0.wp.com\/nicoletaillon.com\/wp-content\/uploads\/2024\/05\/Art-Seregraphie.webp?resize=300%2C272&amp;ssl=1 300w\" sizes=\"auto, (max-width: 480px) 100vw, 480px\" \/><div class='icon-wrapper'><img loading=\"lazy\" decoding=\"async\" width=\"40\" height=\"45\" src=\"https:\/\/i0.wp.com\/nicoletaillon.com\/wp-content\/uploads\/2016\/05\/icon-box-img3.png?fit=40%2C45&amp;ssl=1\" class=\"attachment-full\" alt=\"icon-box-img3\" title=\"icon-box-img3\" \/><\/div><\/div><div class='dt-sc-image-content'><div class='dt-sc-image-title'><h3>S\u00e9rigraphie<\/h3><\/div>Technique d&#8217;impression utilisant un \u00e9cran de tissu (comme la soie). L&#8217;artiste explore le design graphique en jouant avec les masses et les contrastes de couleurs. Un univers o\u00f9 la couleur occupe une place centrale<\/div><\/div>[\/vc_column_inner][vc_column_inner el_class=&#8221;rs_col-sm-6&#8243; width=&#8221;1\/3&#8243;]<div class='dt-sc-image-caption type7 '><div class='dt-sc-image-wrapper'><img loading=\"lazy\" decoding=\"async\" width=\"480\" height=\"435\" src=\"https:\/\/i0.wp.com\/nicoletaillon.com\/wp-content\/uploads\/2024\/05\/Art-Urn.webp?fit=480%2C435&amp;ssl=1\" class=\"attachment-full\" alt=\"Urn - nicole taillon\" title=\"Art-Urn\" srcset=\"https:\/\/i0.wp.com\/nicoletaillon.com\/wp-content\/uploads\/2024\/05\/Art-Urn.webp?w=480&amp;ssl=1 480w, https:\/\/i0.wp.com\/nicoletaillon.com\/wp-content\/uploads\/2024\/05\/Art-Urn.webp?resize=300%2C272&amp;ssl=1 300w\" sizes=\"auto, (max-width: 480px) 100vw, 480px\" \/><div class='icon-wrapper'><img loading=\"lazy\" decoding=\"async\" width=\"40\" height=\"45\" src=\"https:\/\/i0.wp.com\/nicoletaillon.com\/wp-content\/uploads\/2016\/05\/icon-box-img4.png?fit=40%2C45&amp;ssl=1\" class=\"attachment-full\" alt=\"icon-box-img4\" title=\"icon-box-img4\" \/><\/div><\/div><div class='dt-sc-image-content'><div class='dt-sc-image-title'><h3>Urnes fun\u00e9raires<\/h3><\/div>Explorant les domaines de l&#8217;invisible, elle tente de communiquer des images et des impressions qui s&#8217;en rapprochent. Les motifs et les textures ajoutent de la profondeur et de l&#8217;int\u00e9r\u00eat, tandis que les \u00e9l\u00e9ments personnalis\u00e9s apportent une touche personnalis\u00e9e qui ne peut \u00eatre reproduite.<\/div><\/div>[\/vc_column_inner][vc_column_inner el_class=&#8221;rs_col-sm-6&#8243; width=&#8221;1\/3&#8243;]<div class='dt-sc-image-caption type7 '><div class='dt-sc-image-wrapper'><div class='icon-wrapper'><img loading=\"lazy\" decoding=\"async\" width=\"40\" height=\"45\" src=\"https:\/\/i0.wp.com\/nicoletaillon.com\/wp-content\/uploads\/2016\/05\/icon-box-img5.png?fit=40%2C45&amp;ssl=1\" class=\"attachment-full\" alt=\"icon-box-img5\" title=\"icon-box-img5\" \/><\/div><\/div><div class='dt-sc-image-content'><div class='dt-sc-image-title'><h3>Un Monde Accueillant..un lieu de bonheur<\/h3><\/div>Chaque d\u00e9tail, de la disposition des meubles au moindre accessoire, est arrang\u00e9 avec minutie. Le design int\u00e9rieur \u00e9volue comme un dialogue entre la vision et l&#8217;espace, donnant vie \u00e0 des environnements qui, au-del\u00e0 de leur esth\u00e9tique remarquable, inspirent un sentiment chaleureux de chez-soi, de confort et de bonheur.<\/div><\/div>[\/vc_column_inner][\/vc_row_inner][\/vc_column][\/vc_row][vc_row][\/vc_row][vc_column][\/vc_column]<\/p>\n<\/div>","protected":false},"excerpt":{"rendered":"<p>[vc_row full_width=&#8221;stretch_row&#8221;][vc_column][vc_custom_heading text=&#8221;HARMONIE &amp; FONCTIONNALIT\u00c9&#8221; font_container=&#8221;tag:h3|font_size:60px|text_align:center|line_height:normal&#8221; google_fonts=&#8221;font_family:Josefin%20Sans%3A100%2C100italic%2C300%2C300italic%2Cregular%2Citalic%2C600%2C600italic%2C700%2C700italic|font_style:100%20light%20regular%3A100%3Anormal&#8221; css=&#8221;.vc_custom_1715306151497{margin-top: 0px !important;margin-bottom: 5px !important;}&#8221;][vc_column_text css=&#8221;.vc_custom_1715306044238{margin-top: 0px !important;margin-bottom: 10px !important;}&#8221; el_class=&#8221;vc-sub-title&#8221;]Il s&#8217;agit de cr\u00e9er un monde qui ressemble \u00e0 la maison, r\u00e9sonnant profond\u00e9ment avec ceux qui y vivent tout en inspirant quiconque y entre.[\/vc_column_text][vc_single_image image=&#8221;18&#8243; img_size=&#8221;full&#8221; alignment=&#8221;center&#8221;][vc_empty_space height=&#8221;15px&#8221;][\/vc_column][\/vc_row][vc_row full_width=&#8221;stretch_row&#8221; equal_height=&#8221;yes&#8221; content_placement=&#8221;middle&#8221; parallax=&#8221;content-moving&#8221; parallax_image=&#8221;7788&#8243; css=&#8221;.vc_custom_1464166686315{padding-top: 100px !important;padding-bottom: 100px !important;}&#8221;][vc_column][vc_row_inner][vc_column_inner [&hellip;]<\/p>\n","protected":false},"author":1,"featured_media":0,"parent":0,"menu_order":0,"comment_status":"closed","ping_status":"closed","template":"tpl-portfolio.php","meta":{"nf_dc_page":"","footnotes":""},"class_list":["post-9088","page","type-page","status-publish","hentry"],"translation":{"provider":"WPGlobus","version":"3.0.2","language":"fr","enabled_languages":["en","fr"],"languages":{"en":{"title":true,"content":true,"excerpt":false},"fr":{"title":true,"content":true,"excerpt":false}}},"jetpack_sharing_enabled":true,"_links":{"self":[{"href":"https:\/\/nicoletaillon.com\/fr\/wp-json\/wp\/v2\/pages\/9088","targetHints":{"allow":["GET"]}}],"collection":[{"href":"https:\/\/nicoletaillon.com\/fr\/wp-json\/wp\/v2\/pages"}],"about":[{"href":"https:\/\/nicoletaillon.com\/fr\/wp-json\/wp\/v2\/types\/page"}],"author":[{"embeddable":true,"href":"https:\/\/nicoletaillon.com\/fr\/wp-json\/wp\/v2\/users\/1"}],"replies":[{"embeddable":true,"href":"https:\/\/nicoletaillon.com\/fr\/wp-json\/wp\/v2\/comments?post=9088"}],"version-history":[{"count":5,"href":"https:\/\/nicoletaillon.com\/fr\/wp-json\/wp\/v2\/pages\/9088\/revisions"}],"predecessor-version":[{"id":9789,"href":"https:\/\/nicoletaillon.com\/fr\/wp-json\/wp\/v2\/pages\/9088\/revisions\/9789"}],"wp:attachment":[{"href":"https:\/\/nicoletaillon.com\/fr\/wp-json\/wp\/v2\/media?parent=9088"}],"curies":[{"name":"wp","href":"https:\/\/api.w.org\/{rel}","templated":true}]}}