{"id":9091,"date":"2024-05-14T20:12:58","date_gmt":"2024-05-14T20:12:58","guid":{"rendered":"https:\/\/missinak.org\/website_39593ac1\/?page_id=9091"},"modified":"2024-06-12T18:30:03","modified_gmt":"2024-06-12T18:30:03","slug":"bronze","status":"publish","type":"page","link":"https:\/\/nicoletaillon.com\/fr\/bronze\/","title":{"rendered":"Sculpture"},"content":{"rendered":"<div class=\"wpb-content-wrapper\"><p>[vc_row full_width=&#8221;stretch_row&#8221;][vc_column][vc_custom_heading text=&#8221;Sculpture&#8221; font_container=&#8221;tag:h3|font_size:60px|text_align:center|line_height:normal&#8221; google_fonts=&#8221;font_family:Josefin%20Sans%3A100%2C100italic%2C300%2C300italic%2Cregular%2Citalic%2C600%2C600italic%2C700%2C700italic|font_style:100%20light%20regular%3A100%3Anormal&#8221; css=&#8221;.vc_custom_1715713123780{margin-top: 0px !important;margin-bottom: 5px !important;}&#8221;][vc_single_image image=&#8221;18&#8243; img_size=&#8221;full&#8221; alignment=&#8221;center&#8221;][vc_column_text]<\/p>\n<p style=\"text-align: center;\">Si la sculpture est l&#8217;art de donner vie \u00e0 l&#8217;espace, alors Nicole Taillon est sur la Voie Royale de ceux qui font ce pourquoi ils sont n\u00e9s. Elle projette avec \u00e9nergie ses formes, humaines ou animales, dans toutes les dimensions de l&#8217;imaginaire et, par le mariage audacieux de mat\u00e9riaux contrast\u00e9s, se fait aussi peintre en volumes. Il y a dans sa jeunesse et sa fragilit\u00e9 apparente, comme une r\u00e9surgence de vies ant\u00e9rieures qui conf\u00e8re \u00e0 son oeuvre une force ancestrale. Elle est de notre temps et de tous les temps. Pour qui sait y voir, il y a de la musique dans sa fa\u00e7on de cr\u00e9er.<\/p>\n<p style=\"text-align: center;\">Nicole Taillon n&#8217;a pas d&#8217;autre probl\u00e8me que de se vivre intens\u00e9ment et de \u00ab faire \u00bb. La r\u00e9ussite est au bout de son coeur.<\/p>\n<p style=\"text-align: center;\">Eddy Marnay, Parolier fran\u00e7ais<\/p>\n<p>[\/vc_column_text][\/vc_column][\/vc_row]<\/p>\n<\/div>","protected":false},"excerpt":{"rendered":"<p>[vc_row full_width=&#8221;stretch_row&#8221;][vc_column][vc_custom_heading text=&#8221;Sculpture&#8221; font_container=&#8221;tag:h3|font_size:60px|text_align:center|line_height:normal&#8221; google_fonts=&#8221;font_family:Josefin%20Sans%3A100%2C100italic%2C300%2C300italic%2Cregular%2Citalic%2C600%2C600italic%2C700%2C700italic|font_style:100%20light%20regular%3A100%3Anormal&#8221; css=&#8221;.vc_custom_1715713123780{margin-top: 0px !important;margin-bottom: 5px !important;}&#8221;][vc_single_image image=&#8221;18&#8243; img_size=&#8221;full&#8221; alignment=&#8221;center&#8221;][vc_column_text] Si la sculpture est l&#8217;art de donner vie \u00e0 l&#8217;espace, alors Nicole Taillon est sur la Voie Royale de ceux qui font ce pourquoi ils sont n\u00e9s. Elle projette avec \u00e9nergie ses formes, humaines ou animales, dans toutes les dimensions de l&#8217;imaginaire [&hellip;]<\/p>\n","protected":false},"author":1,"featured_media":0,"parent":0,"menu_order":0,"comment_status":"closed","ping_status":"closed","template":"tpl-portfolio.php","meta":{"nf_dc_page":"","footnotes":""},"class_list":["post-9091","page","type-page","status-publish","hentry"],"translation":{"provider":"WPGlobus","version":"3.0.2","language":"fr","enabled_languages":["en","fr"],"languages":{"en":{"title":true,"content":true,"excerpt":false},"fr":{"title":true,"content":true,"excerpt":false}}},"jetpack_sharing_enabled":true,"_links":{"self":[{"href":"https:\/\/nicoletaillon.com\/fr\/wp-json\/wp\/v2\/pages\/9091","targetHints":{"allow":["GET"]}}],"collection":[{"href":"https:\/\/nicoletaillon.com\/fr\/wp-json\/wp\/v2\/pages"}],"about":[{"href":"https:\/\/nicoletaillon.com\/fr\/wp-json\/wp\/v2\/types\/page"}],"author":[{"embeddable":true,"href":"https:\/\/nicoletaillon.com\/fr\/wp-json\/wp\/v2\/users\/1"}],"replies":[{"embeddable":true,"href":"https:\/\/nicoletaillon.com\/fr\/wp-json\/wp\/v2\/comments?post=9091"}],"version-history":[{"count":5,"href":"https:\/\/nicoletaillon.com\/fr\/wp-json\/wp\/v2\/pages\/9091\/revisions"}],"predecessor-version":[{"id":9230,"href":"https:\/\/nicoletaillon.com\/fr\/wp-json\/wp\/v2\/pages\/9091\/revisions\/9230"}],"wp:attachment":[{"href":"https:\/\/nicoletaillon.com\/fr\/wp-json\/wp\/v2\/media?parent=9091"}],"curies":[{"name":"wp","href":"https:\/\/api.w.org\/{rel}","templated":true}]}}